{"id":256,"date":"2024-06-09T14:31:08","date_gmt":"2024-06-09T12:31:08","guid":{"rendered":"https:\/\/nathelia.fr\/?page_id=256"},"modified":"2024-06-09T20:39:40","modified_gmt":"2024-06-09T18:39:40","slug":"nos-kombuchas","status":"publish","type":"page","link":"https:\/\/nathelia.fr\/index.php\/nos-kombuchas\/","title":{"rendered":"Nos Kombuchas"},"content":{"rendered":"\n<div class=\"wp-block-columns is-layout-flex wp-container-core-columns-is-layout-1 wp-block-columns-is-layout-flex\">\n<div class=\"wp-block-column is-layout-flow wp-block-column-is-layout-flow\" style=\"flex-basis:66.66%\">\n<p>D\u00e9couvrez nos 7 recettes de Kombucha brass\u00e9 \u00e0 partir d&rsquo;ingr\u00e9dients issus de l&rsquo;agriculture biologique.<\/p>\n<\/div>\n\n\n\n<div class=\"wp-block-column is-layout-flow wp-block-column-is-layout-flow\" style=\"flex-basis:33.33%\">\n<figure class=\"wp-block-image size-full is-resized\"><img loading=\"lazy\" decoding=\"async\" width=\"711\" height=\"302\" src=\"https:\/\/nathelia.fr\/wp-content\/uploads\/2024\/06\/logoab_eurofeuille_biologique.png\" alt=\"\" class=\"wp-image-241\" style=\"width:283px;height:auto\" srcset=\"https:\/\/nathelia.fr\/wp-content\/uploads\/2024\/06\/logoab_eurofeuille_biologique.png 711w, https:\/\/nathelia.fr\/wp-content\/uploads\/2024\/06\/logoab_eurofeuille_biologique-300x127.png 300w\" sizes=\"(max-width: 711px) 100vw, 711px\" \/><\/figure>\n<\/div>\n<\/div>\n\n\n\n<div class=\"wp-block-columns is-layout-flex wp-container-core-columns-is-layout-2 wp-block-columns-is-layout-flex\">\n<div class=\"wp-block-column is-layout-flow wp-block-column-is-layout-flow\" style=\"flex-basis:33.34%\">\n<h2 class=\"wp-block-heading\">Nature<\/h2>\n\n\n\n<p>Pour savourer le go\u00fbt original du kombucha<br><\/p>\n\n\n\n<figure class=\"wp-block-image aligncenter size-large is-resized\"><img loading=\"lazy\" decoding=\"async\" width=\"1024\" height=\"1024\" src=\"https:\/\/nathelia.fr\/wp-content\/uploads\/2024\/06\/Kombucha-nature-1024x1024.png\" alt=\"\" class=\"wp-image-257\" style=\"width:218px;height:auto\" srcset=\"https:\/\/nathelia.fr\/wp-content\/uploads\/2024\/06\/Kombucha-nature-1024x1024.png 1024w, https:\/\/nathelia.fr\/wp-content\/uploads\/2024\/06\/Kombucha-nature-300x300.png 300w, https:\/\/nathelia.fr\/wp-content\/uploads\/2024\/06\/Kombucha-nature-150x150.png 150w, https:\/\/nathelia.fr\/wp-content\/uploads\/2024\/06\/Kombucha-nature-768x769.png 768w, https:\/\/nathelia.fr\/wp-content\/uploads\/2024\/06\/Kombucha-nature.png 1180w\" sizes=\"(max-width: 1024px) 100vw, 1024px\" \/><\/figure>\n<\/div>\n\n\n\n<div class=\"wp-block-column is-layout-flow wp-block-column-is-layout-flow\" style=\"flex-basis:33.34%\">\n<h2 class=\"wp-block-heading has-text-align-left\">Asp\u00e9rule odorante<\/h2>\n\n\n\n<p class=\"has-text-align-left\">Saveur fruit\u00e9e et \u00e9pic\u00e9e, entre cerise, vanille et cannelle<\/p>\n\n\n\n<figure class=\"wp-block-image aligncenter size-full is-resized\"><img loading=\"lazy\" decoding=\"async\" width=\"590\" height=\"589\" src=\"https:\/\/nathelia.fr\/wp-content\/uploads\/2024\/06\/Kombucha-asperule.png\" alt=\"\" class=\"wp-image-258\" style=\"width:218px;height:auto\" srcset=\"https:\/\/nathelia.fr\/wp-content\/uploads\/2024\/06\/Kombucha-asperule.png 590w, https:\/\/nathelia.fr\/wp-content\/uploads\/2024\/06\/Kombucha-asperule-300x300.png 300w, https:\/\/nathelia.fr\/wp-content\/uploads\/2024\/06\/Kombucha-asperule-150x150.png 150w\" sizes=\"(max-width: 590px) 100vw, 590px\" \/><\/figure>\n<\/div>\n\n\n\n<div class=\"wp-block-column is-layout-flow wp-block-column-is-layout-flow\" style=\"flex-basis:33.33%\">\n<h2 class=\"wp-block-heading\">Gingembre<\/h2>\n\n\n\n<p>Richesse aromatique pour un<br>kombucha de caract\u00e8re<\/p>\n\n\n\n<figure class=\"wp-block-image aligncenter size-full is-resized\"><img loading=\"lazy\" decoding=\"async\" width=\"585\" height=\"585\" src=\"https:\/\/nathelia.fr\/wp-content\/uploads\/2024\/06\/Kombucha-gingembre.png\" alt=\"\" class=\"wp-image-263\" style=\"width:217px;height:auto\" srcset=\"https:\/\/nathelia.fr\/wp-content\/uploads\/2024\/06\/Kombucha-gingembre.png 585w, https:\/\/nathelia.fr\/wp-content\/uploads\/2024\/06\/Kombucha-gingembre-300x300.png 300w, https:\/\/nathelia.fr\/wp-content\/uploads\/2024\/06\/Kombucha-gingembre-150x150.png 150w\" sizes=\"(max-width: 585px) 100vw, 585px\" \/><\/figure>\n<\/div>\n<\/div>\n\n\n\n<div class=\"wp-block-columns is-layout-flex wp-container-core-columns-is-layout-3 wp-block-columns-is-layout-flex\">\n<div class=\"wp-block-column is-layout-flow wp-block-column-is-layout-flow\">\n<h2 class=\"wp-block-heading\">Cassis<\/h2>\n\n\n\n<p>Saveur intense et d\u00e9licatement<br>poivr\u00e9e<\/p>\n\n\n\n<figure class=\"wp-block-image aligncenter size-full is-resized\"><img loading=\"lazy\" decoding=\"async\" width=\"595\" height=\"595\" src=\"https:\/\/nathelia.fr\/wp-content\/uploads\/2024\/06\/Kombucha-cassis.png\" alt=\"\" class=\"wp-image-264\" style=\"width:217px;height:auto\" srcset=\"https:\/\/nathelia.fr\/wp-content\/uploads\/2024\/06\/Kombucha-cassis.png 595w, https:\/\/nathelia.fr\/wp-content\/uploads\/2024\/06\/Kombucha-cassis-300x300.png 300w, https:\/\/nathelia.fr\/wp-content\/uploads\/2024\/06\/Kombucha-cassis-150x150.png 150w\" sizes=\"(max-width: 595px) 100vw, 595px\" \/><\/figure>\n<\/div>\n\n\n\n<div class=\"wp-block-column is-layout-flow wp-block-column-is-layout-flow\">\n<h2 class=\"wp-block-heading\">Jasmin<\/h2>\n\n\n\n<p>Un kombucha tout en d\u00e9licatesse !<br><\/p>\n\n\n\n<figure class=\"wp-block-image aligncenter size-full is-resized\"><img loading=\"lazy\" decoding=\"async\" width=\"585\" height=\"586\" src=\"https:\/\/nathelia.fr\/wp-content\/uploads\/2024\/06\/Kombucha-jasmin.png\" alt=\"\" class=\"wp-image-265\" style=\"width:218px;height:auto\" srcset=\"https:\/\/nathelia.fr\/wp-content\/uploads\/2024\/06\/Kombucha-jasmin.png 585w, https:\/\/nathelia.fr\/wp-content\/uploads\/2024\/06\/Kombucha-jasmin-300x300.png 300w, https:\/\/nathelia.fr\/wp-content\/uploads\/2024\/06\/Kombucha-jasmin-150x150.png 150w\" sizes=\"(max-width: 585px) 100vw, 585px\" \/><\/figure>\n<\/div>\n\n\n\n<div class=\"wp-block-column is-layout-flow wp-block-column-is-layout-flow\">\n<h2 class=\"wp-block-heading\">Sureau<\/h2>\n\n\n\n<p>Des notes de fruits exotiques<br><\/p>\n\n\n\n<figure class=\"wp-block-image aligncenter size-large is-resized\"><img loading=\"lazy\" decoding=\"async\" width=\"1024\" height=\"948\" src=\"https:\/\/nathelia.fr\/wp-content\/uploads\/2024\/06\/Kombucha-sureau-1024x948.png\" alt=\"\" class=\"wp-image-266\" style=\"width:219px;height:auto\" srcset=\"https:\/\/nathelia.fr\/wp-content\/uploads\/2024\/06\/Kombucha-sureau-1024x948.png 1024w, https:\/\/nathelia.fr\/wp-content\/uploads\/2024\/06\/Kombucha-sureau-300x278.png 300w, https:\/\/nathelia.fr\/wp-content\/uploads\/2024\/06\/Kombucha-sureau-768x711.png 768w, https:\/\/nathelia.fr\/wp-content\/uploads\/2024\/06\/Kombucha-sureau.png 1350w\" sizes=\"(max-width: 1024px) 100vw, 1024px\" \/><\/figure>\n<\/div>\n<\/div>\n\n\n\n<div class=\"wp-block-columns is-layout-flex wp-container-core-columns-is-layout-4 wp-block-columns-is-layout-flex\">\n<div class=\"wp-block-column is-layout-flow wp-block-column-is-layout-flow\">\n<h2 class=\"wp-block-heading\">M\u00fbrier sauvage<\/h2>\n\n\n\n<p>Un kombucha sans th\u00e9 aux ingr\u00e9dients 100% fran\u00e7ais<\/p>\n\n\n\n<figure class=\"wp-block-image aligncenter size-large is-resized\"><img loading=\"lazy\" decoding=\"async\" width=\"1024\" height=\"888\" src=\"https:\/\/nathelia.fr\/wp-content\/uploads\/2024\/06\/Kombucha-murier-sauvagejasmin-1024x888.png\" alt=\"\" class=\"wp-image-267\" style=\"width:218px;height:auto\" srcset=\"https:\/\/nathelia.fr\/wp-content\/uploads\/2024\/06\/Kombucha-murier-sauvagejasmin-1024x888.png 1024w, https:\/\/nathelia.fr\/wp-content\/uploads\/2024\/06\/Kombucha-murier-sauvagejasmin-300x260.png 300w, https:\/\/nathelia.fr\/wp-content\/uploads\/2024\/06\/Kombucha-murier-sauvagejasmin-768x666.png 768w, https:\/\/nathelia.fr\/wp-content\/uploads\/2024\/06\/Kombucha-murier-sauvagejasmin.png 1429w\" sizes=\"(max-width: 1024px) 100vw, 1024px\" \/><\/figure>\n<\/div>\n\n\n\n<div class=\"wp-block-column is-layout-flow wp-block-column-is-layout-flow\"><\/div>\n\n\n\n<div class=\"wp-block-column is-layout-flow wp-block-column-is-layout-flow\"><\/div>\n<\/div>\n","protected":false},"excerpt":{"rendered":"<p>D\u00e9couvrez nos 7 recettes de Kombucha brass\u00e9 \u00e0 partir d&rsquo;ingr\u00e9dients issus de l&rsquo;agriculture biologique. Nature Pour savourer le go\u00fbt original [&hellip;]<\/p>\n","protected":false},"author":1,"featured_media":0,"parent":0,"menu_order":0,"comment_status":"closed","ping_status":"closed","template":"","meta":{"_seopress_robots_primary_cat":"","_seopress_titles_title":"","_seopress_titles_desc":"","_seopress_robots_index":"","site-sidebar-layout":"default","site-content-layout":"","ast-site-content-layout":"","site-content-style":"default","site-sidebar-style":"default","ast-global-header-display":"","ast-banner-title-visibility":"","ast-main-header-display":"","ast-hfb-above-header-display":"","ast-hfb-below-header-display":"","ast-hfb-mobile-header-display":"","site-post-title":"","ast-breadcrumbs-content":"","ast-featured-img":"","footer-sml-layout":"","theme-transparent-header-meta":"","adv-header-id-meta":"","stick-header-meta":"","header-above-stick-meta":"","header-main-stick-meta":"","header-below-stick-meta":"","astra-migrate-meta-layouts":"default","ast-page-background-enabled":"default","ast-page-background-meta":{"desktop":{"background-color":"var(--ast-global-color-4)","background-image":"","background-repeat":"repeat","background-position":"center center","background-size":"auto","background-attachment":"scroll","background-type":"","background-media":"","overlay-type":"","overlay-color":"","overlay-opacity":"","overlay-gradient":""},"tablet":{"background-color":"","background-image":"","background-repeat":"repeat","background-position":"center center","background-size":"auto","background-attachment":"scroll","background-type":"","background-media":"","overlay-type":"","overlay-color":"","overlay-opacity":"","overlay-gradient":""},"mobile":{"background-color":"","background-image":"","background-repeat":"repeat","background-position":"center center","background-size":"auto","background-attachment":"scroll","background-type":"","background-media":"","overlay-type":"","overlay-color":"","overlay-opacity":"","overlay-gradient":""}},"ast-content-background-meta":{"desktop":{"background-color":"var(--ast-global-color-5)","background-image":"","background-repeat":"repeat","background-position":"center center","background-size":"auto","background-attachment":"scroll","background-type":"","background-media":"","overlay-type":"","overlay-color":"","overlay-opacity":"","overlay-gradient":""},"tablet":{"background-color":"var(--ast-global-color-5)","background-image":"","background-repeat":"repeat","background-position":"center center","background-size":"auto","background-attachment":"scroll","background-type":"","background-media":"","overlay-type":"","overlay-color":"","overlay-opacity":"","overlay-gradient":""},"mobile":{"background-color":"var(--ast-global-color-5)","background-image":"","background-repeat":"repeat","background-position":"center center","background-size":"auto","background-attachment":"scroll","background-type":"","background-media":"","overlay-type":"","overlay-color":"","overlay-opacity":"","overlay-gradient":""}},"footnotes":""},"_links":{"self":[{"href":"https:\/\/nathelia.fr\/index.php\/wp-json\/wp\/v2\/pages\/256"}],"collection":[{"href":"https:\/\/nathelia.fr\/index.php\/wp-json\/wp\/v2\/pages"}],"about":[{"href":"https:\/\/nathelia.fr\/index.php\/wp-json\/wp\/v2\/types\/page"}],"author":[{"embeddable":true,"href":"https:\/\/nathelia.fr\/index.php\/wp-json\/wp\/v2\/users\/1"}],"replies":[{"embeddable":true,"href":"https:\/\/nathelia.fr\/index.php\/wp-json\/wp\/v2\/comments?post=256"}],"version-history":[{"count":5,"href":"https:\/\/nathelia.fr\/index.php\/wp-json\/wp\/v2\/pages\/256\/revisions"}],"predecessor-version":[{"id":297,"href":"https:\/\/nathelia.fr\/index.php\/wp-json\/wp\/v2\/pages\/256\/revisions\/297"}],"wp:attachment":[{"href":"https:\/\/nathelia.fr\/index.php\/wp-json\/wp\/v2\/media?parent=256"}],"curies":[{"name":"wp","href":"https:\/\/api.w.org\/{rel}","templated":true}]}}