{"id":7,"date":"2022-03-08T20:16:46","date_gmt":"2022-03-08T19:16:46","guid":{"rendered":"https:\/\/nathelia.fr\/?page_id=7"},"modified":"2024-06-09T21:19:29","modified_gmt":"2024-06-09T19:19:29","slug":"nathelia-kombucha-baume-les-dames","status":"publish","type":"page","link":"https:\/\/nathelia.fr\/","title":{"rendered":"Accueil"},"content":{"rendered":"\n<h2 class=\"wp-block-heading\" style=\"margin-top:var(--wp--preset--spacing--40);margin-bottom:var(--wp--preset--spacing--40)\">Le Kombucha <\/h2>\n\n\n\n<div class=\"wp-block-columns is-layout-flex wp-container-core-columns-is-layout-1 wp-block-columns-is-layout-flex\">\n<div class=\"wp-block-column is-layout-flow wp-block-column-is-layout-flow\">\n<p>Le kombucha est une boisson ancestrale issue de la fermentation d\u2019un th\u00e9 sucr\u00e9 qui alimente bact\u00e9ries et levures. Elles apportent au th\u00e9 de nouvelles saveurs et un l\u00e9ger p\u00e9tillant pour le plus grand plaisir de vos papilles&nbsp;!<\/p>\n\n\n\n<p>Il est consomm\u00e9 depuis 2000 ans en Asie et devient de plus en plus populaire en occident.<\/p>\n<\/div>\n\n\n\n<div class=\"wp-block-column is-layout-flow wp-block-column-is-layout-flow\">\n<figure class=\"wp-block-image alignright size-large is-resized\"><img loading=\"lazy\" decoding=\"async\" width=\"981\" height=\"1024\" src=\"https:\/\/nathelia.fr\/wp-content\/uploads\/2024\/06\/kombucha-fermentation-981x1024.png\" alt=\"\" class=\"wp-image-232\" style=\"width:328px;height:auto\" srcset=\"https:\/\/nathelia.fr\/wp-content\/uploads\/2024\/06\/kombucha-fermentation-981x1024.png 981w, https:\/\/nathelia.fr\/wp-content\/uploads\/2024\/06\/kombucha-fermentation-288x300.png 288w, https:\/\/nathelia.fr\/wp-content\/uploads\/2024\/06\/kombucha-fermentation-768x801.png 768w, https:\/\/nathelia.fr\/wp-content\/uploads\/2024\/06\/kombucha-fermentation-1472x1536.png 1472w, https:\/\/nathelia.fr\/wp-content\/uploads\/2024\/06\/kombucha-fermentation-1963x2048.png 1963w, https:\/\/nathelia.fr\/wp-content\/uploads\/2024\/06\/kombucha-fermentation-1200x1252.png 1200w, https:\/\/nathelia.fr\/wp-content\/uploads\/2024\/06\/kombucha-fermentation-1980x2066.png 1980w\" sizes=\"(max-width: 981px) 100vw, 981px\" \/><\/figure>\n<\/div>\n<\/div>\n\n\n\n<h2 class=\"wp-block-heading\">Qui sommes-nous ?<\/h2>\n\n\n\n<div class=\"wp-block-columns is-layout-flex wp-container-core-columns-is-layout-2 wp-block-columns-is-layout-flex\">\n<div class=\"wp-block-column is-layout-flow wp-block-column-is-layout-flow\">\n<p>Na[th\u00e9]lia, c\u2019est un peu de Nathalie, la brasseuse, un peu de th\u00e9, l\u2019ingr\u00e9dient central, et aussi quelques bact\u00e9ries et levures (des gentilles&nbsp;!) qui font op\u00e9rer la magie.<\/p>\n\n\n\n<p>Na[th\u00e9]lia propose un kombucha bio brass\u00e9 \u00e0 Baume-les-Dames et utilise un th\u00e9 qui provient des \u00ab&nbsp;jardins de Ga\u00efa&nbsp;\u00bb, valeur s\u00fbre dans le monde du th\u00e9 bio, ainsi que du sucre Fran\u00e7ais de betteraves bio.<\/p>\n<\/div>\n\n\n\n<div class=\"wp-block-column is-layout-flow wp-block-column-is-layout-flow\">\n<figure class=\"wp-block-image alignright size-large is-resized\"><img loading=\"lazy\" decoding=\"async\" width=\"1024\" height=\"923\" src=\"https:\/\/nathelia.fr\/wp-content\/uploads\/2024\/06\/Nathelia_baume-les-dames-1024x923.png\" alt=\"\" class=\"wp-image-247\" style=\"width:293px;height:auto\" srcset=\"https:\/\/nathelia.fr\/wp-content\/uploads\/2024\/06\/Nathelia_baume-les-dames-1024x923.png 1024w, https:\/\/nathelia.fr\/wp-content\/uploads\/2024\/06\/Nathelia_baume-les-dames-300x270.png 300w, https:\/\/nathelia.fr\/wp-content\/uploads\/2024\/06\/Nathelia_baume-les-dames-768x692.png 768w, https:\/\/nathelia.fr\/wp-content\/uploads\/2024\/06\/Nathelia_baume-les-dames-1536x1384.png 1536w, https:\/\/nathelia.fr\/wp-content\/uploads\/2024\/06\/Nathelia_baume-les-dames-2048x1846.png 2048w\" sizes=\"(max-width: 1024px) 100vw, 1024px\" \/><\/figure>\n<\/div>\n<\/div>\n\n\n\n<div class=\"wp-block-columns is-layout-flex wp-container-core-columns-is-layout-3 wp-block-columns-is-layout-flex\">\n<div class=\"wp-block-column is-layout-flow wp-block-column-is-layout-flow\">\n<figure class=\"wp-block-image size-large is-resized\"><img loading=\"lazy\" decoding=\"async\" width=\"1024\" height=\"767\" src=\"https:\/\/nathelia.fr\/wp-content\/uploads\/2024\/06\/Nathelia_bouteilles-1024x767.png\" alt=\"\" class=\"wp-image-249\" style=\"width:358px;height:auto\" srcset=\"https:\/\/nathelia.fr\/wp-content\/uploads\/2024\/06\/Nathelia_bouteilles-1024x767.png 1024w, https:\/\/nathelia.fr\/wp-content\/uploads\/2024\/06\/Nathelia_bouteilles-300x225.png 300w, https:\/\/nathelia.fr\/wp-content\/uploads\/2024\/06\/Nathelia_bouteilles-768x575.png 768w, https:\/\/nathelia.fr\/wp-content\/uploads\/2024\/06\/Nathelia_bouteilles.png 1310w\" sizes=\"(max-width: 1024px) 100vw, 1024px\" \/><\/figure>\n<\/div>\n\n\n\n<div class=\"wp-block-column is-layout-flow wp-block-column-is-layout-flow\">\n<p>La gamme se d\u00e9cline en 7 parfums : nature, cassis, asp\u00e9rule, gingembre, jasmin, sureau et m\u00fbrier sauvage. De quoi faire plaisir \u00e0 chacun&nbsp;!<\/p>\n\n\n\n<p><\/p>\n\n\n\n<figure class=\"wp-block-image aligncenter size-full is-resized\"><img loading=\"lazy\" decoding=\"async\" width=\"711\" height=\"302\" src=\"https:\/\/nathelia.fr\/wp-content\/uploads\/2024\/06\/logoab_eurofeuille_biologique.png\" alt=\"\" class=\"wp-image-241\" style=\"width:285px;height:auto\" srcset=\"https:\/\/nathelia.fr\/wp-content\/uploads\/2024\/06\/logoab_eurofeuille_biologique.png 711w, https:\/\/nathelia.fr\/wp-content\/uploads\/2024\/06\/logoab_eurofeuille_biologique-300x127.png 300w\" sizes=\"(max-width: 711px) 100vw, 711px\" \/><\/figure>\n<\/div>\n<\/div>\n\n\n\n<div class=\"wp-block-columns is-layout-flex wp-container-core-columns-is-layout-4 wp-block-columns-is-layout-flex\">\n<div class=\"wp-block-column is-layout-flow wp-block-column-is-layout-flow\">\n<p>Gr\u00e2ce \u00e0 un partenariat avec \u00ab&nbsp;J\u2019aime mes bouteilles&nbsp;\u00bb, les bouteilles Na[th\u00e9]lia sont r\u00e9employables\u2026 et gr\u00e2ce \u00e0 vous, elles seront r\u00e9employ\u00e9es&nbsp;!<\/p>\n\n\n\n<p><a href=\"https:\/\/jaimemesbouteilles.fr\/\" data-type=\"link\" data-id=\"https:\/\/jaimemesbouteilles.fr\/\">Plus d&rsquo;info sur jaimemesbouteilles.fr<\/a><\/p>\n<\/div>\n\n\n\n<div class=\"wp-block-column is-layout-flow wp-block-column-is-layout-flow\">\n<figure class=\"wp-block-image alignright size-full\"><img loading=\"lazy\" decoding=\"async\" width=\"288\" height=\"388\" src=\"https:\/\/nathelia.fr\/wp-content\/uploads\/2024\/06\/jaimemesbouteilles.png\" alt=\"\" class=\"wp-image-252\" srcset=\"https:\/\/nathelia.fr\/wp-content\/uploads\/2024\/06\/jaimemesbouteilles.png 288w, https:\/\/nathelia.fr\/wp-content\/uploads\/2024\/06\/jaimemesbouteilles-223x300.png 223w\" sizes=\"(max-width: 288px) 100vw, 288px\" \/><\/figure>\n<\/div>\n<\/div>\n\n\n\n<h2 class=\"wp-block-heading\">Nos points de vente:<\/h2>\n\n\n\n<iframe src=\"https:\/\/www.google.com\/maps\/d\/embed?mid=1VsZ_RSVpMCFFYW8b6MtZ__MKrNz6CgU&amp;ehbc=2E312F&amp;noprof=1\" style=\"width:640px; height:480px !important;\" frameborder=\"0\"><\/iframe>\n\n\n\n<p><a href=\"https:\/\/nathelia.fr\/index.php\/points-de-vente\/\" data-type=\"page\" data-id=\"215\">Retrouver la liste compl\u00e8te<\/a><\/p>\n\n\n\n<h2 class=\"wp-block-heading\">Nous contacter :<\/h2>\n\n\n\n<div class=\"wp-block-contact-form-7-contact-form-selector\"><div role=\"form\" class=\"wpcf7\" id=\"wpcf7-f208-o1\" lang=\"fr-FR\" dir=\"ltr\">\n<div class=\"screen-reader-response\"><p role=\"status\" aria-live=\"polite\" aria-atomic=\"true\"><\/p> <ul><\/ul><\/div>\n<form action=\"\/index.php\/wp-json\/wp\/v2\/pages\/7#wpcf7-f208-o1\" method=\"post\" class=\"wpcf7-form init\" novalidate=\"novalidate\" data-status=\"init\">\n<div style=\"display: none;\">\n<input type=\"hidden\" name=\"_wpcf7\" value=\"208\" \/>\n<input type=\"hidden\" name=\"_wpcf7_version\" value=\"5.5.6\" \/>\n<input type=\"hidden\" name=\"_wpcf7_locale\" value=\"fr_FR\" \/>\n<input type=\"hidden\" name=\"_wpcf7_unit_tag\" value=\"wpcf7-f208-o1\" \/>\n<input type=\"hidden\" name=\"_wpcf7_container_post\" value=\"0\" \/>\n<input type=\"hidden\" name=\"_wpcf7_posted_data_hash\" value=\"\" \/>\n<\/div>\n<p><label> Votre nom<br \/>\n    <span class=\"wpcf7-form-control-wrap your-name\"><input type=\"text\" name=\"your-name\" value=\"\" size=\"40\" class=\"wpcf7-form-control wpcf7-text wpcf7-validates-as-required\" aria-required=\"true\" aria-invalid=\"false\" \/><\/span> <\/label><\/p>\n<p><label> Votre e-mail<br \/>\n    <span class=\"wpcf7-form-control-wrap your-email\"><input type=\"email\" name=\"your-email\" value=\"\" size=\"40\" class=\"wpcf7-form-control wpcf7-text wpcf7-email wpcf7-validates-as-required wpcf7-validates-as-email\" aria-required=\"true\" aria-invalid=\"false\" \/><\/span> <\/label><\/p>\n<p><label> Objet<br \/>\n    <span class=\"wpcf7-form-control-wrap your-subject\"><input type=\"text\" name=\"your-subject\" value=\"\" size=\"40\" class=\"wpcf7-form-control wpcf7-text wpcf7-validates-as-required\" aria-required=\"true\" aria-invalid=\"false\" \/><\/span> <\/label><\/p>\n<p><label> Votre message<br \/>\n    <span class=\"wpcf7-form-control-wrap your-message\"><textarea name=\"your-message\" cols=\"40\" rows=\"10\" class=\"wpcf7-form-control wpcf7-textarea wpcf7-validates-as-required\" aria-required=\"true\" aria-invalid=\"false\"><\/textarea><\/span> <\/label><\/p>\n<p><input type=\"submit\" value=\"Envoyer\" class=\"wpcf7-form-control has-spinner wpcf7-submit\" \/><\/p>\n<p style=\"display: none !important;\" class=\"akismet-fields-container\" data-prefix=\"_wpcf7_ak_\"><label>&#916;<textarea name=\"_wpcf7_ak_hp_textarea\" cols=\"45\" rows=\"8\" maxlength=\"100\"><\/textarea><\/label><input type=\"hidden\" id=\"ak_js_1\" name=\"_wpcf7_ak_js\" value=\"154\"\/><script>document.getElementById( \"ak_js_1\" ).setAttribute( \"value\", ( new Date() ).getTime() );<\/script><\/p><div class=\"wpcf7-response-output\" aria-hidden=\"true\"><\/div><\/form><\/div><\/div>\n\n\n\n<h2 class=\"wp-block-heading\">Notre derni\u00e8re actualit\u00e9 :<\/h2>\n\n\n<div class=\"efbl_feed_wraper efbl_skin_272\" >\n\n\t\n\t<div class=\"efbl_feeds_holder efbl_feeds_halfwidth\"  \t\t    data-template=\"halfwidth\">\n\t\t\n<div class=\"efbl-halfwidth-skin mobile_status_update efbl-story-wrapper\">\n\t<div class=\"efbl-thumbnail-wrapper\">\n\t\t<div class=\"efbl-row efbl-content-wrapper\">\n\n\t\t\t\n\t\t\t\t\t\t\t\t\t<div class=\"efbl-thumbnail-col efbl-col-sm-6 \">\n\n\t\t\t\t\t\t\n\t\t\t\t\t\t\t<a href=\"https:\/\/nathelia.fr\/wp-admin\/admin-ajax.php?action=efbl_generate_popup_html\" \n\t\t\t\t\t\t\t\t\t\t\t\tdata-imagelink=https:\/\/scontent-mad2-1.xx.fbcdn.net\/v\/t51.82787-15\/655792191_18098486405473900_4074726963036152029_n.webp?stp=dst-jpg_s960x960_tt6&amp;_nc_cat=111&amp;ccb=1-7&amp;_nc_sid=13d280&amp;_nc_ohc=Z4KGqLOLGy8Q7kNvwGQFMcs&amp;_nc_oc=Adpeil-rfUNfqXOPHK5f1baa2CFvOxiBwhVC_hGdz0zVbIS0l8GvAsrcJcFhji8NNvw&amp;_nc_zt=23&amp;_nc_ht=scontent-mad2-1.xx&amp;edm=AJdBtusEAAAA&amp;_nc_gid=_rcHHG_Ws10T_vQT8WWpog&amp;_nc_tpa=Q5bMBQEofOU4se9bpRp0LGfAFj2eXaQ3apjPNpkAfc9iyRyKRQP9AEJjdsGslDuhNFCUKc5gyQ6e93F2&amp;oh=00_Af2vzpTgmo-2vSQX5wiFwvkW7Obdn128--Lz9p1wj1qiqg&amp;oe=69E25E72\t\t\t\t\t\t\t data-storylink=\"\n\t\t\t\t\t\t\thttps:\/\/www.facebook.com\/102372172427419_975070401858940\t\t\t\t\t\t\t\" data-linktext=\"\n\t\t\t\t\t\t\tLire en entier\t\t\t\t\t\t\t\" data-caption=\"\n\t\t\t\t\t\t\t(Re)d&eacute;couvrez les kombuchas Na[th&eacute;]lia demain avec Le panier de Jeanne\/ magasin-&eacute;cole ! \ud83e\udd42 Vous pourrez d&eacute;guster des kombuchas non filtr&eacute;s, non pasteuris&eacute;s, d&eacute;clin&eacute;s en 7\t\t\t\t\t\t\t\" data-itemnumber=\"\n\t\t\t\t\t\t\t1\t\t\t\t\t\t\t\" class=\"efbl_feed_popup \n\t\t\t\t\t\t\t\t\t\t\t\t\t\t efbl-cff-item_number-\n\t\t\t\t\t\t\t1\t\t\t\t\t\t\t\">\n\t\t\t\t\t\t\t\t<div class=\"efbl-overlay\">\n\n\t\t\t\t\t\t\t\t\t\n\t\t\t\t\t\t\t\t\t\t<i class=\"icon icon-esf-plus efbl-plus\"\n\t\t\t\t\t\t\t\t\t\t   aria-hidden=\"true\"><\/i>\n\n\t\t\t\t\t\t\t\t\t\t\t\t\t\t\t\t\t\t\t\t\t\t\t\t\t\t<\/div>\n\t\t\t\t\t\t\t\t<img decoding=\"async\" alt=\"\"\n\t\t\t\t\t\t\t\t\t src=\"https:\/\/scontent-mad2-1.xx.fbcdn.net\/v\/t51.82787-15\/655792191_18098486405473900_4074726963036152029_n.webp?stp=dst-jpg_s960x960_tt6&#038;_nc_cat=111&#038;ccb=1-7&#038;_nc_sid=13d280&#038;_nc_ohc=Z4KGqLOLGy8Q7kNvwGQFMcs&#038;_nc_oc=Adpeil-rfUNfqXOPHK5f1baa2CFvOxiBwhVC_hGdz0zVbIS0l8GvAsrcJcFhji8NNvw&#038;_nc_zt=23&#038;_nc_ht=scontent-mad2-1.xx&#038;edm=AJdBtusEAAAA&#038;_nc_gid=_rcHHG_Ws10T_vQT8WWpog&#038;_nc_tpa=Q5bMBQEofOU4se9bpRp0LGfAFj2eXaQ3apjPNpkAfc9iyRyKRQP9AEJjdsGslDuhNFCUKc5gyQ6e93F2&#038;oh=00_Af2vzpTgmo-2vSQX5wiFwvkW7Obdn128--Lz9p1wj1qiqg&#038;oe=69E25E72\"\/>\n\t\t\t\t\t\t\t\t<div class=\"efbl-overlay\">\n\n\n\t\t\t\t\t\t\t\t\t\n\t\t\t\t\t\t\t\t\t\t<i class=\"icon icon-esf-plus efbl-plus\"\n\t\t\t\t\t\t\t\t\t\t   aria-hidden=\"true\"><\/i>\n\n\t\t\t\t\t\t\t\t\t\t\t\t\t\t\t\t\t\t\t\t\t\t\t\t\t\t\t<\/div>\n\t\t\t\t\t\t\t<\/a>\n\n\t\t\t\t\t\t\n\n\t\t\t\t\t<\/div>\n\t\t\t\t\n\n\t\t\t\t<div class=\"efbl-feed-content efbl-col-sm-6\">\n\n\t\t\t\t\t\n\t\t\t\t\t\t<div class=\"efbl-d-flex\">\n\n\t\t\t\t\t\t\t\n\t\t\t\t\t\t\t\t<div class=\"efbl-profile-image\">\n\t\t\t\t\t\t\t\t\t<a href=\"https:\/\/facebook.com\/nathelia.kombucha\"\n\t\t\t\t\t\t\t\t\t   title=\"\"\n\t\t\t\t\t\t\t\t\t   rel=\"nofollow\"\n\t\t\t\t\t\t\t\t\t   target=\"_blank\">\n\t\t\t\t\t\t\t\t\t\t<img decoding=\"async\" alt=\"\"\n\t\t\t\t\t\t\t\t\t\t\t src=\"https:\/\/scontent-bru2-1.xx.fbcdn.net\/v\/t39.30808-1\/275927181_102380395759930_6678067789338086843_n.jpg?stp=dst-jpg_s200x200_tt6&#038;_nc_cat=104&#038;ccb=1-7&#038;_nc_sid=f907e8&#038;_nc_ohc=uzDyxJDH6ZgQ7kNvwHsoWak&#038;_nc_oc=Adry683XOk1ttp2ry7jR0clk3dKNP9o7sbFTVd36tMZDwBSfNN3n3i8LuOit42D0l4o&#038;_nc_zt=24&#038;_nc_ht=scontent-bru2-1.xx&#038;edm=AKsJ254EAAAA&#038;_nc_gid=ARsePnauzZc_3BNLh1qNTQ&#038;_nc_tpa=Q5bMBQFawffe-sQTG8gPnKTu12u50L6X_0taUMBx5SKogCPkW4gqbDzGBbLvYUCrb0AR5dCtS0cormqy&#038;oh=00_Af2f4bFOJnJ5UhUXtjhwsYlkgz_buQAgeFOCPAnYQ_E5RQ&#038;oe=69DEC1BB\"\/><\/a>\n\t\t\t\t\t\t\t\t<\/div>\n\n\t\t\t\t\t\t\t\n\t\t\t\t\t\t\t<div class=\"efbl-profile-title\">\n\t\t\t\t\t\t\t\t<div class=\"efbl-profile-title-wrap \">\n\t\t\t\t\t\t\t\t\t<h2>Nath\u00e9lia kombucha\t\t\t\t\t\t\t\t\t\t\t\t\t\t\t\t\t\t\t\t<span class=\"efbl-profile-story-text\"> <\/span>\n\t\t\t\t\t\t\t\t\t<\/h2>\n\t\t\t\t\t\t\t\t<\/div>\n\t\t\t\t\t\t\t\t<span>2 weeks 2 jours il y a<\/span>\n\t\t\t\t\t\t\t<\/div>\n\t\t\t\t\t\t<\/div>\n\n\t\t\t\t\t\n\n\t\t\t\t\t\n\t\t\t\t\t\t<div class=\"efbl_link_text\">\n\n\t\t\t\t\t\t\t<p class=\"efbl_title_link\">\n\t\t\t\t\t\t\t\t<a href=\"https:\/\/www.facebook.com\/102372172427419_975070401858940\"\n\t\t\t\t\t\t\t\t   rel=\"nofollow\"\n\t\t\t\t\t\t\t\t   target=\"_blank\">\n\t\t\t\t\t\t\t\t\t\t\t\t\t\t\t\t\t<\/a>\n\t\t\t\t\t\t\t<\/p>\n\t\t\t\t\t\t<\/div>\n\n\t\t\t\t\t\t\t\t\t\t\t\t\t\t<p class=\"description\">\n\t\t\t\t\t\t\t\t\t<span class=\"efbl-description-wrap\">(Re)d\u00e9couvrez les kombuchas Na[th\u00e9]lia demain avec Le panier de Jeanne\/ magasin-\u00e9cole ! \ud83e\udd42 Vous pourrez d\u00e9guster des kombuchas non filtr\u00e9s, non pasteuris\u00e9s, d\u00e9clin\u00e9s en 7<\/span>\n\n\t\t\t\t\t\t\t\t\t\n\n\t\t\t\t\t\t\t\t<\/p>\n\t\t\t\t\t\t\t\n\t\t\t\t\t\n\t\t\t\t<\/div>\n\n\t\t\t\t\t\t<\/div>\n\n\t\t\t<div class=\"efbl-post-footer\">\n\n\n\t\t<div class=\"efbl-d-flex efbl-justify-content-between\">\n\t\t\t\t\t\t\t<div class=\"efbl-reacted efbl-d-flex efbl-align-items-center\">\n\n\t\t\t\t\t\n\n\n\t\t\t\t\t\n\t\t\t\t\t\t\t\n\n\t\t\t\t<\/div>\n\t\t\t\n\n\n\t\t\t<div class=\"efbl-view-share efbl-d-flex efbl-justify-content-between efbl-align-items-center efbl-mb-1 efbl-mt-1\">\n\n\t\t\t\t\n\t\t\t\t\t<a href=\"https:\/\/www.facebook.com\/102372172427419_975070401858940\"\n\t\t\t\t\t   target=\"_blank\"\n\t\t\t\t\t   rel=\"nofollow\"\n\t\t\t\t\t   class=\"efbl-view-on-fb no-anchor-style link efbl-mr-1\">Nous voir sur Facebook<\/a>\n\n\t\t\t\t\n\t\t\t\t\n\t\t\t\t\t<div class=\"esf-share-wrapper\">\n\t\t\t\t\t\t<a href=\"#\" class=\"no-anchor-style link esf-share\">Partager<\/a>\n\t\t\t\t\t\t<div class=\"esf-social-share\">\n\t\t\t\t\t\t\t<button>\n\t\t\t\t\t\t\t\t<a class=\"efbl_facebook\"\n\t\t\t\t\t\t\t\t   href=\"https:\/\/www.facebook.com\/sharer\/sharer.php?u=https:\/\/www.facebook.com\/102372172427419_975070401858940\"\n\t\t\t\t\t\t\t\t   rel=\"nofollow\"\n\t\t\t\t\t\t\t\t   target=\"_blank\">\n\t\t\t\t\t\t\t\t\t<i class=\"icon icon-esf-facebook\"><\/i>\n\t\t\t\t\t\t\t\t<\/a>\n\t\t\t\t\t\t\t<\/button>\n\n\t\t\t\t\t\t\t<button>\n\t\t\t\t\t\t\t\t<a class=\"efbl_twitter\"\n\t\t\t\t\t\t\t\t   href=\"https:\/\/twitter.com\/intent\/tweet?text=https:\/\/www.facebook.com\/102372172427419_975070401858940\"\n\t\t\t\t\t\t\t\t   rel=\"nofollow\"\n\t\t\t\t\t\t\t\t   target=\"_blank\">\n\t\t\t\t\t\t\t\t\t<i class=\"icon icon-esf-twitter\"><\/i>\n\t\t\t\t\t\t\t\t<\/a>\n\t\t\t\t\t\t\t<\/button>\n\n\t\t\t\t\t\t\t<button>\n\t\t\t\t\t\t\t\t<a class=\"efbl_linked_in\"\n\t\t\t\t\t\t\t\t   href=\"https:\/\/www.linkedin.com\/shareArticle?mini=true&url=https:\/\/www.facebook.com\/102372172427419_975070401858940\"\n\t\t\t\t\t\t\t\t   rel=\"nofollow\"\n\t\t\t\t\t\t\t\t   target=\"_blank\">\n\t\t\t\t\t\t\t\t\t<i class=\"icon icon-esf-linkedin\"><\/i>\n\t\t\t\t\t\t\t\t<\/a>\n\t\t\t\t\t\t\t<\/button>\n\t\t\t\t\t\t<\/div>\n\t\t\t\t\t<\/div>\n\t\t\t\t\n\t\t\t<\/div>\n\n\t\t<\/div>\n\n\n\t<\/div>\n\n\n\t<\/div>\n\n<\/div>\n\n\t\t\t<\/div>\n\t\t\t\n\t\t<\/div>\n\n","protected":false},"excerpt":{"rendered":"<p>Le Kombucha Le kombucha est une boisson ancestrale issue de la fermentation d\u2019un th\u00e9 sucr\u00e9 qui alimente bact\u00e9ries et levures. [&hellip;]<\/p>\n","protected":false},"author":1,"featured_media":0,"parent":0,"menu_order":0,"comment_status":"closed","ping_status":"closed","template":"","meta":{"_seopress_robots_primary_cat":"","_seopress_titles_title":"","_seopress_titles_desc":"","_seopress_robots_index":"","site-sidebar-layout":"default","site-content-layout":"","ast-site-content-layout":"","site-content-style":"default","site-sidebar-style":"default","ast-global-header-display":"","ast-banner-title-visibility":"","ast-main-header-display":"","ast-hfb-above-header-display":"","ast-hfb-below-header-display":"","ast-hfb-mobile-header-display":"","site-post-title":"disabled","ast-breadcrumbs-content":"","ast-featured-img":"","footer-sml-layout":"","theme-transparent-header-meta":"","adv-header-id-meta":"","stick-header-meta":"","header-above-stick-meta":"","header-main-stick-meta":"","header-below-stick-meta":"","astra-migrate-meta-layouts":"default","ast-page-background-enabled":"default","ast-page-background-meta":{"desktop":{"background-color":"var(--ast-global-color-4)","background-image":"","background-repeat":"repeat","background-position":"center center","background-size":"auto","background-attachment":"scroll","background-type":"","background-media":"","overlay-type":"","overlay-color":"","overlay-opacity":"","overlay-gradient":""},"tablet":{"background-color":"","background-image":"","background-repeat":"repeat","background-position":"center center","background-size":"auto","background-attachment":"scroll","background-type":"","background-media":"","overlay-type":"","overlay-color":"","overlay-opacity":"","overlay-gradient":""},"mobile":{"background-color":"","background-image":"","background-repeat":"repeat","background-position":"center center","background-size":"auto","background-attachment":"scroll","background-type":"","background-media":"","overlay-type":"","overlay-color":"","overlay-opacity":"","overlay-gradient":""}},"ast-content-background-meta":{"desktop":{"background-color":"var(--ast-global-color-5)","background-image":"","background-repeat":"repeat","background-position":"center center","background-size":"auto","background-attachment":"scroll","background-type":"","background-media":"","overlay-type":"","overlay-color":"","overlay-opacity":"","overlay-gradient":""},"tablet":{"background-color":"var(--ast-global-color-5)","background-image":"","background-repeat":"repeat","background-position":"center center","background-size":"auto","background-attachment":"scroll","background-type":"","background-media":"","overlay-type":"","overlay-color":"","overlay-opacity":"","overlay-gradient":""},"mobile":{"background-color":"var(--ast-global-color-5)","background-image":"","background-repeat":"repeat","background-position":"center center","background-size":"auto","background-attachment":"scroll","background-type":"","background-media":"","overlay-type":"","overlay-color":"","overlay-opacity":"","overlay-gradient":""}},"footnotes":""},"_links":{"self":[{"href":"https:\/\/nathelia.fr\/index.php\/wp-json\/wp\/v2\/pages\/7"}],"collection":[{"href":"https:\/\/nathelia.fr\/index.php\/wp-json\/wp\/v2\/pages"}],"about":[{"href":"https:\/\/nathelia.fr\/index.php\/wp-json\/wp\/v2\/types\/page"}],"author":[{"embeddable":true,"href":"https:\/\/nathelia.fr\/index.php\/wp-json\/wp\/v2\/users\/1"}],"replies":[{"embeddable":true,"href":"https:\/\/nathelia.fr\/index.php\/wp-json\/wp\/v2\/comments?post=7"}],"version-history":[{"count":22,"href":"https:\/\/nathelia.fr\/index.php\/wp-json\/wp\/v2\/pages\/7\/revisions"}],"predecessor-version":[{"id":318,"href":"https:\/\/nathelia.fr\/index.php\/wp-json\/wp\/v2\/pages\/7\/revisions\/318"}],"wp:attachment":[{"href":"https:\/\/nathelia.fr\/index.php\/wp-json\/wp\/v2\/media?parent=7"}],"curies":[{"name":"wp","href":"https:\/\/api.w.org\/{rel}","templated":true}]}}